{"id":178,"date":"2023-06-23T11:45:26","date_gmt":"2023-06-23T11:45:26","guid":{"rendered":"https:\/\/staging.meetingdoctors.com\/?page_id=178"},"modified":"2023-09-01T09:01:44","modified_gmt":"2023-09-01T09:01:44","slug":"about","status":"publish","type":"page","link":"https:\/\/staging.meetingdoctors.com\/pt\/about\/","title":{"rendered":"About"},"content":{"rendered":"<div data-elementor-type=\"wp-page\" data-elementor-id=\"178\" class=\"elementor elementor-178\" data-elementor-post-type=\"page\">\n\t\t\t\t\t\t<section class=\"elementor-section elementor-top-section elementor-element elementor-element-9f9117d elementor-section-boxed elementor-section-height-default elementor-section-height-default\" data-id=\"9f9117d\" data-element_type=\"section\">\n\t\t\t\t\t\t<div class=\"elementor-container elementor-column-gap-default\">\n\t\t\t\t\t<div class=\"elementor-column elementor-col-100 elementor-top-column elementor-element elementor-element-83e5b33\" data-id=\"83e5b33\" data-element_type=\"column\">\n\t\t\t<div class=\"elementor-widget-wrap elementor-element-populated\">\n\t\t\t\t\t\t<div class=\"elementor-element elementor-element-17ec994 elementor-widget elementor-widget-title_text\" data-id=\"17ec994\" data-element_type=\"widget\" data-widget_type=\"title_text.default\">\n\t\t\t\t<div class=\"elementor-widget-container\">\n\t\t\t\t\t<section class=\"section section-title-text\"\n         style=\"background-color: #4FA6FB;\">\n    <div class=\"wrapper-content center\"\n         style=\"padding-top: 4rem;                 padding-bottom: 3rem;\">\n        <div class=\"content\"\n             style=\"color:;\">\n            <h2 style=\"color: ;\">\n                Se voc\u00ea se importa de verdade, est\u00e1 sempre dispon\u00edvel            <\/h2>\n\n            <p>Nuestros profesionales responden cualquier consulta en menos de 2 minutos, 365 d\u00edas al a\u00f1o, a cualquier hora del d\u00eda. Porque nos importa.<\/p>\n            <!-- <a href=\"#\" class=\"button button-primary mt-4\">Ver m\u00e1s<\/a> -->\n        <\/div>\n    <\/div>\n<\/section>\n\t\t\t\t<\/div>\n\t\t\t\t<\/div>\n\t\t\t\t\t<\/div>\n\t\t<\/div>\n\t\t\t\t\t<\/div>\n\t\t<\/section>\n\t\t\t\t<section class=\"elementor-section elementor-top-section elementor-element elementor-element-da3a3dd elementor-section-boxed elementor-section-height-default elementor-section-height-default\" data-id=\"da3a3dd\" data-element_type=\"section\">\n\t\t\t\t\t\t<div class=\"elementor-container elementor-column-gap-default\">\n\t\t\t\t\t<div class=\"elementor-column elementor-col-100 elementor-top-column elementor-element elementor-element-a78e9ad\" data-id=\"a78e9ad\" data-element_type=\"column\">\n\t\t\t<div class=\"elementor-widget-wrap elementor-element-populated\">\n\t\t\t\t\t\t<div class=\"elementor-element elementor-element-f553de2 elementor-widget elementor-widget-image_text\" data-id=\"f553de2\" data-element_type=\"widget\" data-widget_type=\"image_text.default\">\n\t\t\t\t<div class=\"elementor-widget-container\">\n\t\t\t\t\t<section class=\"section section-image-text\">\n    <div class=\"wrapper-content\" style=\"background-color: ;\">\n        <div class=\"content   padding-text no-padding-content\">\n            <div class=\"image\">\n                <picture>\n                    <source srcset=\"https:\/\/storage.googleapis.com\/staging-meetingdoctors-com-uploads\/2023\/08\/about1-MD.png\" media=\"(max-width: 576px)\">\n                    <img decoding=\"async\" src=\"https:\/\/storage.googleapis.com\/staging-meetingdoctors-com-uploads\/2023\/08\/about1-MD.png\" class=\"background-image\"\n                         alt=\"Somos Meeting Doctors\">\n                <\/picture>\n            <\/div>\n            <div class=\"text\"\n                 style=\"background-color: ;color: ;\">\n                <div>\n                    <h2 class=\"\" style=\"color: ;\">\n                        N\u00f3s somos a Meeting Doctors                    <\/h2>\n                    <p><span style=\"font-weight: 400;\">Atrav\u00e9s de nossa tecnologia e nossos m\u00e9dicos, somos l\u00edderes em servi\u00e7os de consulta de sa\u00fade digital. Temos presen\u00e7a global com escrit\u00f3rios na Espanha, M\u00e9xico e Dubai. <\/span><span style=\"font-weight: 400;\">Nascemos em 2017 e, desde ent\u00e3o, ajudamos mais de 150 empresas de diversos setores a oferecer o melhor servi\u00e7o de sa\u00fade digital para seus clientes, usu\u00e1rios ou funcion\u00e1rios.<\/span><\/p><p><span style=\"font-weight: 400;\">Ao combinar excel\u00eancia m\u00e9dica e tecnol\u00f3gica, conseguimos nos consolidar como a plataforma com a maior qualidade, tornando o servi\u00e7o de sa\u00fade digital f\u00e1cil, imediato e acess\u00edvel.<\/span><\/p>                <\/div>\n\n                            <\/div>\n        <\/div>\n    <\/div>\n<\/section>\n\t\t\t\t<\/div>\n\t\t\t\t<\/div>\n\t\t\t\t\t<\/div>\n\t\t<\/div>\n\t\t\t\t\t<\/div>\n\t\t<\/section>\n\t\t\t\t<section class=\"elementor-section elementor-top-section elementor-element elementor-element-32d545d elementor-section-boxed elementor-section-height-default elementor-section-height-default\" data-id=\"32d545d\" data-element_type=\"section\">\n\t\t\t\t\t\t<div class=\"elementor-container elementor-column-gap-default\">\n\t\t\t\t\t<div class=\"elementor-column elementor-col-100 elementor-top-column elementor-element elementor-element-616065c\" data-id=\"616065c\" data-element_type=\"column\">\n\t\t\t<div class=\"elementor-widget-wrap elementor-element-populated\">\n\t\t\t\t\t\t<div class=\"elementor-element elementor-element-dfe4205 elementor-widget elementor-widget-image_text\" data-id=\"dfe4205\" data-element_type=\"widget\" data-widget_type=\"image_text.default\">\n\t\t\t\t<div class=\"elementor-widget-container\">\n\t\t\t\t\t<section class=\"section section-image-text\">\n    <div class=\"wrapper-content\" style=\"background-color: ;\">\n        <div class=\"content  reverse padding-text no-padding-content\">\n            <div class=\"image\">\n                <picture>\n                    <source srcset=\"https:\/\/storage.googleapis.com\/staging-meetingdoctors-com-uploads\/2023\/08\/about2.png\" media=\"(max-width: 576px)\">\n                    <img decoding=\"async\" src=\"https:\/\/storage.googleapis.com\/staging-meetingdoctors-com-uploads\/2023\/08\/about2.png\" class=\"background-image\"\n                         alt=\"C\u00f3mo estamos ayudando\">\n                <\/picture>\n            <\/div>\n            <div class=\"text\"\n                 style=\"background-color: ;color: ;\">\n                <div>\n                    <h2 class=\"\" style=\"color: ;\">\n                        Como estamos ajudando                    <\/h2>\n                    <p>At vero eos et accusam et justo duo dolores et ea rebum. Stet clita kasd gubergren, no sea takimata sanctus est Lorem ipsum dolor sit amet. Lorem ipsum dolor sit amet, consetetur sadipscing elitr, sed diam nonumy eirmod tempor invidunt ut labore et dolore magna aliquyam erat, sed <strong>diam voluptua<\/strong>. At vero eos et accusam et justo duo dolores et ea rebum. Stet clita kasd gubergren, no sea takimata sanctus est Lorem ipsum dolor sit amet.<\/p><p>Lorem ipsum dolor sit amet, consetetur sadipscing elitr, sed diam nonumy eirmod tempor <strong>invidunt ut labore et dolore magna<\/strong> aliquyam erat, sed diam voluptua. At vero eos et accusam et justo duo dolores et ea rebum. Stet clita kasd gubergren, no sea takimata sanctus est Lorem ipsum dolor sit amet.<\/p>                <\/div>\n\n                            <\/div>\n        <\/div>\n    <\/div>\n<\/section>\n\t\t\t\t<\/div>\n\t\t\t\t<\/div>\n\t\t\t\t<div class=\"elementor-element elementor-element-fedf396 elementor-widget elementor-widget-title_text\" data-id=\"fedf396\" data-element_type=\"widget\" data-widget_type=\"title_text.default\">\n\t\t\t\t<div class=\"elementor-widget-container\">\n\t\t\t\t\t<section class=\"section section-title-text\"\n         style=\"background-color: ;\">\n    <div class=\"wrapper-content center\"\n         style=\"padding-top: 1rem;                 padding-bottom: 1rem;\">\n        <div class=\"content\"\n             style=\"color:;\">\n            <h2 style=\"color: ;\">\n                Casos de sucesso            <\/h2>\n\n            <p>Un servicio de telemedicina inmediato de calidad, adaptado a la necesidad de cada uno de nuestros clientes.\u00a0<\/p>\n            <!-- <a href=\"#\" class=\"button button-primary mt-4\">Ver m\u00e1s<\/a> -->\n        <\/div>\n    <\/div>\n<\/section>\n\t\t\t\t<\/div>\n\t\t\t\t<\/div>\n\t\t\t\t\t<\/div>\n\t\t<\/div>\n\t\t\t\t\t<\/div>\n\t\t<\/section>\n\t\t\t\t<section class=\"elementor-section elementor-top-section elementor-element elementor-element-dec6135 elementor-section-boxed elementor-section-height-default elementor-section-height-default\" data-id=\"dec6135\" data-element_type=\"section\">\n\t\t\t\t\t\t<div class=\"elementor-container elementor-column-gap-default\">\n\t\t\t\t\t<div class=\"elementor-column elementor-col-100 elementor-top-column elementor-element elementor-element-cfa89fa\" data-id=\"cfa89fa\" data-element_type=\"column\">\n\t\t\t<div class=\"elementor-widget-wrap elementor-element-populated\">\n\t\t\t\t\t\t<div class=\"elementor-element elementor-element-41af5b5 elementor-widget elementor-widget-two_videos\" data-id=\"41af5b5\" data-element_type=\"widget\" data-widget_type=\"two_videos.default\">\n\t\t\t\t<div class=\"elementor-widget-container\">\n\t\t\t\t\t<section class=\"section section-two-videos\"\n         style=\"background-color:;\">\n    <div class=\"wrapper-content\">\n        <div class=\"content\">\n            <div class=\"video\">\n                <div class=\"image-preview open-lightbox\" data-lightbox=\"lightbox-two-videos-41af5b5-1\">\n                    <div class=\"play-button\">\n                        <img decoding=\"async\" src=\"https:\/\/staging.meetingdoctors.com\/app\/themes\/custom_theme\/build\/assets\/img\/icons\/play.svg\" alt=\"Play\">\n                    <\/div>\n                    <img decoding=\"async\" src=\"https:\/\/storage.googleapis.com\/staging-meetingdoctors-com-uploads\/2023\/08\/video-doctorgo.webp\" alt=\"Doctor Go\" class=\"image\">\n                <\/div>\n                <div class=\"title open-lightbox\" data-lightbox=\"lightbox-two-videos-41af5b5-1\">\n                    Doctor Go                <\/div>\n            <\/div>\n            <div class=\"video\">\n                <div class=\"image-preview open-lightbox\" data-lightbox=\"lightbox-two-videos-41af5b5-2\">\n                    <div class=\"play-button\">\n                        <img decoding=\"async\" src=\"https:\/\/staging.meetingdoctors.com\/app\/themes\/custom_theme\/build\/assets\/img\/icons\/play.svg\" alt=\"Play\">\n                    <\/div>\n                    <img decoding=\"async\" src=\"https:\/\/storage.googleapis.com\/staging-meetingdoctors-com-uploads\/2023\/08\/bayer-video.png\" alt=\"Ginecaneschat\" class=\"image\">\n                <\/div>\n                <div class=\"title open-lightbox\" data-lightbox=\"lightbox-two-videos-41af5b5-2\">\n                    Ginecaneschat                <\/div>\n            <\/div>\n        <\/div>\n    <\/div>\n    <div class=\"lightbox\" id=\"lightbox-two-videos-41af5b5-1\"><!-- ID Diferente en cada uno -->\n        <button class=\"button close-button\">\n            <svg xmlns=\"http:\/\/www.w3.org\/2000\/svg\" width=\"60\" height=\"60\" fill=\"#fff\" class=\"bi bi-x-lg\"\n                 viewbox=\"0 0 16 16\">\n                <path d=\"M2.146 2.854a.5.5 0 1 1 .708-.708L8 7.293l5.146-5.147a.5.5 0 0 1 .708.708L8.707 8l5.147 5.146a.5.5 0 0 1-.708.708L8 8.707l-5.146 5.147a.5.5 0 0 1-.708-.708L7.293 8 2.146 2.854Z\"\/>\n            <\/svg>\n        <\/button>\n                <iframe src=\"https:\/\/www.youtube.com\/embed\/GKttSU376ks\" title=\"Doctor Go\" frameborder=\"0\"\n                allow=\"accelerometer; clipboard-write; encrypted-media; gyroscope; picture-in-picture; web-share\"\n                allowfullscreen><\/iframe>\n    <\/div>\n    <div class=\"lightbox\" id=\"lightbox-two-videos-41af5b5-2\"><!-- ID Diferente en cada uno -->\n        <button class=\"button close-button\">\n            <svg xmlns=\"http:\/\/www.w3.org\/2000\/svg\" width=\"60\" height=\"60\" fill=\"#fff\" class=\"bi bi-x-lg\"\n                 viewbox=\"0 0 16 16\">\n                <path d=\"M2.146 2.854a.5.5 0 1 1 .708-.708L8 7.293l5.146-5.147a.5.5 0 0 1 .708.708L8.707 8l5.147 5.146a.5.5 0 0 1-.708.708L8 8.707l-5.146 5.147a.5.5 0 0 1-.708-.708L7.293 8 2.146 2.854Z\"\/>\n            <\/svg>\n        <\/button>\n                <iframe src=\"https:\/\/www.youtube.com\/embed\/T5SbZh2DslI\" title=\"Ginecaneschat\" frameborder=\"0\"\n                allow=\"autoplay; clipboard-write; encrypted-media picture-in-picture;\" allowfullscreen><\/iframe>\n    <\/div>\n<\/section>\n\t\t\t\t<\/div>\n\t\t\t\t<\/div>\n\t\t\t\t\t<\/div>\n\t\t<\/div>\n\t\t\t\t\t<\/div>\n\t\t<\/section>\n\t\t\t\t<section class=\"elementor-section elementor-top-section elementor-element elementor-element-6c90030 elementor-section-boxed elementor-section-height-default elementor-section-height-default\" data-id=\"6c90030\" data-element_type=\"section\">\n\t\t\t\t\t\t<div class=\"elementor-container elementor-column-gap-default\">\n\t\t\t\t\t<div class=\"elementor-column elementor-col-100 elementor-top-column elementor-element elementor-element-44538db\" data-id=\"44538db\" data-element_type=\"column\">\n\t\t\t<div class=\"elementor-widget-wrap elementor-element-populated\">\n\t\t\t\t\t\t<div class=\"elementor-element elementor-element-76589b1 elementor-widget elementor-widget-contact_form\" data-id=\"76589b1\" data-element_type=\"widget\" data-widget_type=\"contact_form.default\">\n\t\t\t\t<div class=\"elementor-widget-container\">\n\t\t\t\t\t<section class=\"section section-form\"\n         style=\"background-color:;background-image: url('https:\/\/storage.googleapis.com\/staging-meetingdoctors-com-uploads\/2023\/06\/home-contact-background.png');\">\n    <div class=\"bullets-colors\">\n        <div class=\"bullet\" style=\"background-color: #1C1C1C;\"><\/div>\n        <div class=\"bullet\" style=\"background-color: #4FA6FB;\"><\/div>\n        <div class=\"bullet\" style=\"background-color: #C7003E;\"><\/div>\n        <div class=\"bullet\" style=\"background-color: #3BC137;\"><\/div>\n    <\/div>\n    <div class=\"wrapper-content\">\n        <div class=\"content\">\n            <div class=\"text\" style=\"color:;\">\n                <h2 style=\"color:;\">\n                    Entre em contato conosco                <\/h2>\n\n                <p>Responderemos \u00e0s suas d\u00favidas.<\/p>            <\/div>\n\n            <form id=\"form-contacta\" class=\"form\" action=\"\/pt\/forms\/contact.php\/\" method=\"POST\" data-trp-original-action=\"\/forms\/contact.php\">\n                <input type=\"hidden\" name=\"origin\" value=\"Meeting_Contact_Form\">\n                <input type=\"text\" id=\"input1\" name=\"input1\" style=\"display:none;\" \/>\n                <div class=\"inputs\">\n                    <label for=\"name\">Nome<\/label>\n                    <div class=\"input\">\n                        <input id=\"name\" type=\"text\" name=\"name\" placeholder=\"Nome\">\n                    <\/div>\n                    <span class=\"message-error\">El campo es obligatorio.<\/span>\n                <\/div>\n                <div class=\"inputs\">\n                    <label for=\"lastname\">Sobrenome<\/label>\n                    <div class=\"input\">\n                        <input id=\"lastname\" type=\"text\" name=\"lastname\" placeholder=\"Sobrenome\">\n                    <\/div>\n                    <span class=\"message-error\">El campo es obligatorio.<\/span>\n                <\/div>\n                <div class=\"inputs\">\n                    <label for=\"email\">Email<\/label>\n                    <div class=\"input\">\n                        <input id=\"email\" type=\"text\" name=\"email\" placeholder=\"Email\">\n                    <\/div>\n                    <span class=\"message-error\">El campo es obligatorio.<\/span>\n                <\/div>\n                <div class=\"inputs\">\n                    <label for=\"enterprise\">Empresa<\/label>\n                    <div class=\"input\">\n                        <input id=\"enterprise\" type=\"text\" name=\"enterprise\" placeholder=\"Nome da empresa\">\n                    <\/div>\n                    <span class=\"message-error\">El campo es obligatorio.<\/span>\n                <\/div>\n                <div class=\"textareas\">\n                    <label for=\"contact-message\">Mensagem<\/label>\n                    <div class=\"textarea\">\n                        <textarea id=\"message\" name=\"message\" placeholder=\"Como podemos te ajudar?\"><\/textarea>\n                    <\/div>\n                    <span class=\"message-error\">El campo es obligatorio.<\/span>\n                <\/div>\n                <div class=\"checkboxs\">\n                    <div class=\"fake-label\"><\/div>\n                    <div class=\"options\">\n                        <label for=\"legals\" class=\"checkbox\">\n                            <input id=\"legals\" type=\"checkbox\" name=\"legals\"\/>\n                            <span class=\"fake-input\"><\/span>\n                            <span class=\"description\">Li e aceito a <a target=\"_blank\"\n                                                                              href=\"https:\/\/staging.meetingdoctors.com\/pt\/politica-privacidad\/\">Pol\u00edtica de Privacidade<\/a><\/span>\n                        <\/label>\n                    <\/div>\n                    <span class=\"message-error\">El campo es obligatorio.<\/span>\n                <\/div>\n                <div class=\"footer-form\">\n                    <button type=\"submit\" id=\"submit-form-contacta\" class=\"button button-secondary\">Enviar\n                    <\/button>\n                    <div class=\"sent d-none\">Enviado correctamente<\/div>\n                    <div class=\"failed d-none\">Ha ocurrido un error inesperado<\/div>\n                <\/div>\n            <input type=\"hidden\" name=\"trp-form-language\" value=\"pt\"\/><\/form>\n        <\/div>\n    <\/div>\n<\/section>\n\t\t\t\t<\/div>\n\t\t\t\t<\/div>\n\t\t\t\t\t<\/div>\n\t\t<\/div>\n\t\t\t\t\t<\/div>\n\t\t<\/section>\n\t\t\t\t<\/div>","protected":false},"excerpt":{"rendered":"<p>Si te importa de verdad, siempre est\u00e1s disponible Nuestros profesionales responden cualquier consulta en menos de 2 minutos, 365 d\u00edas al a\u00f1o, a cualquier hora del d\u00eda. Porque nos importa. Somos Meeting Doctors A trav\u00e9s de nuestra tecnolog\u00eda y nuestros m\u00e9dicos somos l\u00edderes en servicio de consulta de salud digital. Con presencia en todo el [&hellip;]<\/p>","protected":false},"author":3,"featured_media":0,"parent":0,"menu_order":0,"comment_status":"closed","ping_status":"closed","template":"","meta":{"footnotes":""},"class_list":["post-178","page","type-page","status-publish","hentry"],"_links":{"self":[{"href":"https:\/\/staging.meetingdoctors.com\/pt\/wp-json\/wp\/v2\/pages\/178","targetHints":{"allow":["GET"]}}],"collection":[{"href":"https:\/\/staging.meetingdoctors.com\/pt\/wp-json\/wp\/v2\/pages"}],"about":[{"href":"https:\/\/staging.meetingdoctors.com\/pt\/wp-json\/wp\/v2\/types\/page"}],"author":[{"embeddable":true,"href":"https:\/\/staging.meetingdoctors.com\/pt\/wp-json\/wp\/v2\/users\/3"}],"replies":[{"embeddable":true,"href":"https:\/\/staging.meetingdoctors.com\/pt\/wp-json\/wp\/v2\/comments?post=178"}],"version-history":[{"count":62,"href":"https:\/\/staging.meetingdoctors.com\/pt\/wp-json\/wp\/v2\/pages\/178\/revisions"}],"predecessor-version":[{"id":712,"href":"https:\/\/staging.meetingdoctors.com\/pt\/wp-json\/wp\/v2\/pages\/178\/revisions\/712"}],"wp:attachment":[{"href":"https:\/\/staging.meetingdoctors.com\/pt\/wp-json\/wp\/v2\/media?parent=178"}],"curies":[{"name":"wp","href":"https:\/\/api.w.org\/{rel}","templated":true}]}}